{"id":6,"date":"2023-07-08T20:30:40","date_gmt":"2023-07-08T18:30:40","guid":{"rendered":"https:\/\/jeremynezet.com\/?page_id=6"},"modified":"2025-03-11T21:31:23","modified_gmt":"2025-03-11T20:31:23","slug":"accueil","status":"publish","type":"page","link":"https:\/\/jeremynezet.com\/","title":{"rendered":"Accueil"},"content":{"rendered":"\t\t<div data-elementor-type=\"wp-page\" data-elementor-id=\"6\" class=\"elementor elementor-6\">\n\t\t\t\t<div class=\"elementor-element elementor-element-3c47712 e-flex e-con-boxed e-con e-parent\" data-id=\"3c47712\" data-element_type=\"container\">\n\t\t\t\t\t<div class=\"e-con-inner\">\n\t\t<div class=\"elementor-element elementor-element-1539af9 e-con-full e-flex e-con e-child\" data-id=\"1539af9\" data-element_type=\"container\">\n\t\t\t\t<div class=\"elementor-element elementor-element-2f229be elementor-widget elementor-widget-image\" data-id=\"2f229be\" data-element_type=\"widget\" data-widget_type=\"image.default\">\n\t\t\t\t<div class=\"elementor-widget-container\">\n\t\t\t\t\t\t\t\t\t\t\t\t\t\t\t<img fetchpriority=\"high\" decoding=\"async\" width=\"242\" height=\"300\" src=\"https:\/\/jeremynezet.com\/wp-content\/uploads\/2023\/07\/Jeremynezet-242x300.jpg\" class=\"attachment-medium size-medium wp-image-269\" alt=\"\" srcset=\"https:\/\/jeremynezet.com\/wp-content\/uploads\/2023\/07\/Jeremynezet-242x300.jpg 242w, https:\/\/jeremynezet.com\/wp-content\/uploads\/2023\/07\/Jeremynezet-825x1024.jpg 825w, https:\/\/jeremynezet.com\/wp-content\/uploads\/2023\/07\/Jeremynezet-768x954.jpg 768w, https:\/\/jeremynezet.com\/wp-content\/uploads\/2023\/07\/Jeremynezet-1237x1536.jpg 1237w, https:\/\/jeremynezet.com\/wp-content\/uploads\/2023\/07\/Jeremynezet-1649x2048.jpg 1649w\" sizes=\"(max-width: 242px) 100vw, 242px\" \/>\t\t\t\t\t\t\t\t\t\t\t\t\t\t\t<\/div>\n\t\t\t\t<\/div>\n\t\t\t\t<\/div>\n\t\t<div class=\"elementor-element elementor-element-6df6aa3 e-con-full e-flex e-con e-child\" data-id=\"6df6aa3\" data-element_type=\"container\">\n\t\t<div class=\"elementor-element elementor-element-8b7c13a e-con-full e-flex e-con e-child\" data-id=\"8b7c13a\" data-element_type=\"container\">\n\t\t\t\t<div class=\"elementor-element elementor-element-5661bc5 elementor-widget elementor-widget-heading\" data-id=\"5661bc5\" data-element_type=\"widget\" data-widget_type=\"heading.default\">\n\t\t\t\t<div class=\"elementor-widget-container\">\n\t\t\t\t\t<h2 class=\"elementor-heading-title elementor-size-default\">Bienvenue sur mon site !<\/h2>\t\t\t\t<\/div>\n\t\t\t\t<\/div>\n\t\t\t\t<\/div>\n\t\t<div class=\"elementor-element elementor-element-ba618a1 e-con-full e-flex e-con e-child\" data-id=\"ba618a1\" data-element_type=\"container\">\n\t\t\t\t<div class=\"elementor-element elementor-element-650409e elementor-widget elementor-widget-text-editor\" data-id=\"650409e\" data-element_type=\"widget\" data-widget_type=\"text-editor.default\">\n\t\t\t\t<div class=\"elementor-widget-container\">\n\t\t\t\t\t\t\t\t\t<p>Je suis J\u00e9r\u00e9my N\u00e9zet, auteur de thrillers, mais pas que&#8230;<\/p><p>En effet, je me laisse porter au gr\u00e9 des id\u00e9es et des projets qui se pr\u00e9sentent \u00e0 moi.<\/p><p>Mon aventure livresque a d\u00e9but\u00e9 fin 2015 lorsque je me suis inscrit sur le forum <em>\u00c9crire un roman<\/em>.<\/p><p>Depuis, je n&rsquo;ai plus jamais arr\u00eat\u00e9 et la publication de mon premier roman, un thriller \u00e0 main avec Chris Auguste, <em>Le Sc\u00e9nographe<\/em>, en est la cons\u00e9cration.<\/p><p>N&rsquo;h\u00e9sitez pas \u00e0 d\u00e9couvrir les diff\u00e9rentes cat\u00e9gories du site: mes romans, mes projets et \u00e0 consulter la rubrique Salons\/Rencontres pour ne manquez aucun rendez-vous.<\/p><p>Enfin, si vous souhaitez que nous gardions contact, abonnez-vous \u00e0 ma Newsletter.<\/p><p>Promis, vous ne serez pas envahis de mails de ma part, mais vous pourrez avoir le plaisir de vous plonger dans la lecture de ma nouvelle <em>Smelly Cat<\/em>, que je vous offre lors de votre inscription.<\/p><p>\u00a0<\/p><p>Bonne visite \u00e0 vous !<\/p>\t\t\t\t\t\t\t\t<\/div>\n\t\t\t\t<\/div>\n\t\t\t\t<\/div>\n\t\t\t\t<\/div>\n\t\t\t\t\t<\/div>\n\t\t\t\t<\/div>\n\t\t<div class=\"elementor-element elementor-element-8a87d6f e-flex e-con-boxed e-con e-parent\" data-id=\"8a87d6f\" data-element_type=\"container\">\n\t\t\t\t\t<div class=\"e-con-inner\">\n\t\t<div class=\"elementor-element elementor-element-0f85ffa e-con-full e-flex e-con e-child\" data-id=\"0f85ffa\" data-element_type=\"container\">\n\t\t\t\t<div class=\"elementor-element elementor-element-475e615 elementor-widget elementor-widget-heading\" data-id=\"475e615\" data-element_type=\"widget\" data-widget_type=\"heading.default\">\n\t\t\t\t<div class=\"elementor-widget-container\">\n\t\t\t\t\t<h2 class=\"elementor-heading-title elementor-size-default\">Ma nouvelle \"Smelly Cat\"<\/h2>\t\t\t\t<\/div>\n\t\t\t\t<\/div>\n\t\t<div class=\"elementor-element elementor-element-b9f68ee e-flex e-con-boxed e-con e-child\" data-id=\"b9f68ee\" data-element_type=\"container\">\n\t\t\t\t\t<div class=\"e-con-inner\">\n\t\t\t\t<div class=\"elementor-element elementor-element-f25f8a7 elementor-widget elementor-widget-image\" data-id=\"f25f8a7\" data-element_type=\"widget\" data-widget_type=\"image.default\">\n\t\t\t\t<div class=\"elementor-widget-container\">\n\t\t\t\t\t\t\t\t\t\t\t\t\t\t\t\t<a href=\"https:\/\/jeremynezet.com\/index.php\/roman\/\">\n\t\t\t\t\t\t\t<img decoding=\"async\" width=\"300\" height=\"274\" src=\"https:\/\/jeremynezet.com\/wp-content\/uploads\/2023\/07\/SmelleyCattablettefond-300x274.png\" class=\"attachment-medium size-medium wp-image-168\" alt=\"\" srcset=\"https:\/\/jeremynezet.com\/wp-content\/uploads\/2023\/07\/SmelleyCattablettefond-300x274.png 300w, https:\/\/jeremynezet.com\/wp-content\/uploads\/2023\/07\/SmelleyCattablettefond-1024x937.png 1024w, https:\/\/jeremynezet.com\/wp-content\/uploads\/2023\/07\/SmelleyCattablettefond-768x702.png 768w, https:\/\/jeremynezet.com\/wp-content\/uploads\/2023\/07\/SmelleyCattablettefond.png 1500w\" sizes=\"(max-width: 300px) 100vw, 300px\" \/>\t\t\t\t\t\t\t\t<\/a>\n\t\t\t\t\t\t\t\t\t\t\t\t\t\t\t<\/div>\n\t\t\t\t<\/div>\n\t\t<div class=\"elementor-element elementor-element-43dd8d5 e-flex e-con-boxed e-con e-child\" data-id=\"43dd8d5\" data-element_type=\"container\">\n\t\t\t\t\t<div class=\"e-con-inner\">\n\t\t\t\t<div class=\"elementor-element elementor-element-caf78f5 elementor-widget elementor-widget-text-editor\" data-id=\"caf78f5\" data-element_type=\"widget\" data-widget_type=\"text-editor.default\">\n\t\t\t\t<div class=\"elementor-widget-container\">\n\t\t\t\t\t\t\t\t\t<p>Ma nouvelle, <em>\u00ab\u00a0Smelly Cat\u00a0\u00bb<\/em>, avait \u00e9t\u00e9 publi\u00e9e aux \u00c9ditions de la Caravelle dans un recueil destin\u00e9 \u00e0 aider une association qui vient en aide \u00e0 des chats en d\u00e9tresse.<\/p>\t\t\t\t\t\t\t\t<\/div>\n\t\t\t\t<\/div>\n\t\t\t\t\t<\/div>\n\t\t\t\t<\/div>\n\t\t\t\t\t<\/div>\n\t\t\t\t<\/div>\n\t\t\t\t<\/div>\n\t\t<div class=\"elementor-element elementor-element-05223cf e-con-full e-flex e-con e-child\" data-id=\"05223cf\" data-element_type=\"container\">\n\t\t\t\t<div class=\"elementor-element elementor-element-63e377c elementor-widget elementor-widget-heading\" data-id=\"63e377c\" data-element_type=\"widget\" data-widget_type=\"heading.default\">\n\t\t\t\t<div class=\"elementor-widget-container\">\n\t\t\t\t\t<h2 class=\"elementor-heading-title elementor-size-default\">Inscription \u00e0 ma Newsletter<\/h2>\t\t\t\t<\/div>\n\t\t\t\t<\/div>\n\t\t<div class=\"elementor-element elementor-element-554af69 e-flex e-con-boxed e-con e-child\" data-id=\"554af69\" data-element_type=\"container\">\n\t\t\t\t\t<div class=\"e-con-inner\">\n\t\t\t\t<div class=\"elementor-element elementor-element-9a16ad2 elementor-widget elementor-widget-html\" data-id=\"9a16ad2\" data-element_type=\"widget\" data-widget_type=\"html.default\">\n\t\t\t\t<div class=\"elementor-widget-container\">\n\t\t\t\t\t<iframe src=\"https:\/\/jeremynezet.substack.com\/embed\" width=\"480\" height=\"320\" style=\"border:1px solid #EEE; background:white;\" frameborder=\"0\" scrolling=\"no\"><\/iframe>\t\t\t\t<\/div>\n\t\t\t\t<\/div>\n\t\t\t\t\t<\/div>\n\t\t\t\t<\/div>\n\t\t\t\t<\/div>\n\t\t\t\t\t<\/div>\n\t\t\t\t<\/div>\n\t\t\t\t<\/div>\n\t\t","protected":false},"excerpt":{"rendered":"<p>Bienvenue sur mon site ! Je suis J\u00e9r\u00e9my N\u00e9zet, auteur de thrillers, mais pas que&#8230; En effet, je me laisse porter au gr\u00e9 des id\u00e9es et des projets qui se pr\u00e9sentent \u00e0 moi. Mon aventure livresque a d\u00e9but\u00e9 fin 2015 lorsque je me suis inscrit sur le forum \u00c9crire un roman. Depuis, je n&rsquo;ai plus [&hellip;]<\/p>\n","protected":false},"author":1,"featured_media":0,"parent":0,"menu_order":0,"comment_status":"closed","ping_status":"closed","template":"","meta":{"ocean_post_layout":"","ocean_both_sidebars_style":"","ocean_both_sidebars_content_width":0,"ocean_both_sidebars_sidebars_width":0,"ocean_sidebar":"0","ocean_second_sidebar":"0","ocean_disable_margins":"enable","ocean_add_body_class":"","ocean_shortcode_before_top_bar":"","ocean_shortcode_after_top_bar":"","ocean_shortcode_before_header":"","ocean_shortcode_after_header":"","ocean_has_shortcode":"","ocean_shortcode_after_title":"","ocean_shortcode_before_footer_widgets":"","ocean_shortcode_after_footer_widgets":"","ocean_shortcode_before_footer_bottom":"","ocean_shortcode_after_footer_bottom":"","ocean_display_top_bar":"default","ocean_display_header":"default","ocean_header_style":"","ocean_center_header_left_menu":"0","ocean_custom_header_template":"0","ocean_custom_logo":0,"ocean_custom_retina_logo":0,"ocean_custom_logo_max_width":0,"ocean_custom_logo_tablet_max_width":0,"ocean_custom_logo_mobile_max_width":0,"ocean_custom_logo_max_height":0,"ocean_custom_logo_tablet_max_height":0,"ocean_custom_logo_mobile_max_height":0,"ocean_header_custom_menu":"0","ocean_menu_typo_font_family":"0","ocean_menu_typo_font_subset":"","ocean_menu_typo_font_size":0,"ocean_menu_typo_font_size_tablet":0,"ocean_menu_typo_font_size_mobile":0,"ocean_menu_typo_font_size_unit":"px","ocean_menu_typo_font_weight":"","ocean_menu_typo_font_weight_tablet":"","ocean_menu_typo_font_weight_mobile":"","ocean_menu_typo_transform":"","ocean_menu_typo_transform_tablet":"","ocean_menu_typo_transform_mobile":"","ocean_menu_typo_line_height":0,"ocean_menu_typo_line_height_tablet":0,"ocean_menu_typo_line_height_mobile":0,"ocean_menu_typo_line_height_unit":"","ocean_menu_typo_spacing":0,"ocean_menu_typo_spacing_tablet":0,"ocean_menu_typo_spacing_mobile":0,"ocean_menu_typo_spacing_unit":"","ocean_menu_link_color":"","ocean_menu_link_color_hover":"","ocean_menu_link_color_active":"","ocean_menu_link_background":"","ocean_menu_link_hover_background":"","ocean_menu_link_active_background":"","ocean_menu_social_links_bg":"","ocean_menu_social_hover_links_bg":"","ocean_menu_social_links_color":"","ocean_menu_social_hover_links_color":"","ocean_disable_title":"on","ocean_disable_heading":"default","ocean_post_title":"","ocean_post_subheading":"","ocean_post_title_style":"","ocean_post_title_background_color":"","ocean_post_title_background":0,"ocean_post_title_bg_image_position":"","ocean_post_title_bg_image_attachment":"","ocean_post_title_bg_image_repeat":"","ocean_post_title_bg_image_size":"","ocean_post_title_height":0,"ocean_post_title_bg_overlay":0.5,"ocean_post_title_bg_overlay_color":"","ocean_disable_breadcrumbs":"default","ocean_breadcrumbs_color":"","ocean_breadcrumbs_separator_color":"","ocean_breadcrumbs_links_color":"","ocean_breadcrumbs_links_hover_color":"","ocean_display_footer_widgets":"default","ocean_display_footer_bottom":"default","ocean_custom_footer_template":"0","footnotes":""},"class_list":["post-6","page","type-page","status-publish","hentry","entry"],"yoast_head":"<!-- This site is optimized with the Yoast SEO plugin v24.5 - https:\/\/yoast.com\/wordpress\/plugins\/seo\/ -->\n<title>Accueil - J\u00e9r\u00e9my N\u00e9zet<\/title>\n<meta name=\"description\" content=\"Retrouvez ici toute l&#039;actualit\u00e9 de l&#039;\u00e9crivain J\u00e9r\u00e9my N\u00e9zet, ses romans disponibles, dont Le Sc\u00e9nographe, ses actualit\u00e9s et plus encore...\" \/>\n<meta name=\"robots\" content=\"index, follow, max-snippet:-1, max-image-preview:large, max-video-preview:-1\" \/>\n<link rel=\"canonical\" href=\"https:\/\/jeremynezet.com\/\" \/>\n<meta property=\"og:locale\" content=\"fr_FR\" \/>\n<meta property=\"og:type\" content=\"article\" \/>\n<meta property=\"og:title\" content=\"Accueil - J\u00e9r\u00e9my N\u00e9zet\" \/>\n<meta property=\"og:description\" content=\"Retrouvez ici toute l&#039;actualit\u00e9 de l&#039;\u00e9crivain J\u00e9r\u00e9my N\u00e9zet, ses romans disponibles, dont Le Sc\u00e9nographe, ses actualit\u00e9s et plus encore...\" \/>\n<meta property=\"og:url\" content=\"https:\/\/jeremynezet.com\/\" \/>\n<meta property=\"og:site_name\" content=\"J\u00e9r\u00e9my N\u00e9zet\" \/>\n<meta property=\"article:modified_time\" content=\"2025-03-11T20:31:23+00:00\" \/>\n<meta property=\"og:image\" content=\"https:\/\/jeremynezet.com\/wp-content\/uploads\/2023\/07\/Jeremynezet-scaled.jpg\" \/>\n\t<meta property=\"og:image:width\" content=\"2062\" \/>\n\t<meta property=\"og:image:height\" content=\"2560\" \/>\n\t<meta property=\"og:image:type\" content=\"image\/jpeg\" \/>\n<meta name=\"twitter:card\" content=\"summary_large_image\" \/>\n<meta name=\"twitter:label1\" content=\"Dur\u00e9e de lecture estim\u00e9e\" \/>\n\t<meta name=\"twitter:data1\" content=\"2 minutes\" \/>\n<script type=\"application\/ld+json\" class=\"yoast-schema-graph\">{\"@context\":\"https:\/\/schema.org\",\"@graph\":[{\"@type\":\"WebPage\",\"@id\":\"https:\/\/jeremynezet.com\/\",\"url\":\"https:\/\/jeremynezet.com\/\",\"name\":\"Accueil - J\u00e9r\u00e9my N\u00e9zet\",\"isPartOf\":{\"@id\":\"https:\/\/jeremynezet.com\/#website\"},\"primaryImageOfPage\":{\"@id\":\"https:\/\/jeremynezet.com\/#primaryimage\"},\"image\":{\"@id\":\"https:\/\/jeremynezet.com\/#primaryimage\"},\"thumbnailUrl\":\"http:\/\/jeremynezet.com\/wp-content\/uploads\/2023\/07\/Jeremynezet-242x300.jpg\",\"datePublished\":\"2023-07-08T18:30:40+00:00\",\"dateModified\":\"2025-03-11T20:31:23+00:00\",\"description\":\"Retrouvez ici toute l'actualit\u00e9 de l'\u00e9crivain J\u00e9r\u00e9my N\u00e9zet, ses romans disponibles, dont Le Sc\u00e9nographe, ses actualit\u00e9s et plus encore...\",\"breadcrumb\":{\"@id\":\"https:\/\/jeremynezet.com\/#breadcrumb\"},\"inLanguage\":\"fr-FR\",\"potentialAction\":[{\"@type\":\"ReadAction\",\"target\":[\"https:\/\/jeremynezet.com\/\"]}]},{\"@type\":\"ImageObject\",\"inLanguage\":\"fr-FR\",\"@id\":\"https:\/\/jeremynezet.com\/#primaryimage\",\"url\":\"http:\/\/jeremynezet.com\/wp-content\/uploads\/2023\/07\/Jeremynezet-242x300.jpg\",\"contentUrl\":\"http:\/\/jeremynezet.com\/wp-content\/uploads\/2023\/07\/Jeremynezet-242x300.jpg\"},{\"@type\":\"BreadcrumbList\",\"@id\":\"https:\/\/jeremynezet.com\/#breadcrumb\",\"itemListElement\":[{\"@type\":\"ListItem\",\"position\":1,\"name\":\"Accueil\",\"item\":\"https:\/\/jeremynezet.com\/\"},{\"@type\":\"ListItem\",\"position\":2,\"name\":\"Accueil\"}]},{\"@type\":\"WebSite\",\"@id\":\"https:\/\/jeremynezet.com\/#website\",\"url\":\"https:\/\/jeremynezet.com\/\",\"name\":\"J\u00e9r\u00e9my N\u00e9zet\",\"description\":\"\",\"publisher\":{\"@id\":\"https:\/\/jeremynezet.com\/#organization\"},\"potentialAction\":[{\"@type\":\"SearchAction\",\"target\":{\"@type\":\"EntryPoint\",\"urlTemplate\":\"https:\/\/jeremynezet.com\/?s={search_term_string}\"},\"query-input\":{\"@type\":\"PropertyValueSpecification\",\"valueRequired\":true,\"valueName\":\"search_term_string\"}}],\"inLanguage\":\"fr-FR\"},{\"@type\":\"Organization\",\"@id\":\"https:\/\/jeremynezet.com\/#organization\",\"name\":\"J\u00e9r\u00e9my N\u00e9zet\",\"url\":\"https:\/\/jeremynezet.com\/\",\"logo\":{\"@type\":\"ImageObject\",\"inLanguage\":\"fr-FR\",\"@id\":\"https:\/\/jeremynezet.com\/#\/schema\/logo\/image\/\",\"url\":\"https:\/\/jeremynezet.com\/wp-content\/uploads\/2023\/07\/cropped-Logo_JN_01-blanc-transparent-1.png\",\"contentUrl\":\"https:\/\/jeremynezet.com\/wp-content\/uploads\/2023\/07\/cropped-Logo_JN_01-blanc-transparent-1.png\",\"width\":500,\"height\":167,\"caption\":\"J\u00e9r\u00e9my N\u00e9zet\"},\"image\":{\"@id\":\"https:\/\/jeremynezet.com\/#\/schema\/logo\/image\/\"}}]}<\/script>\n<!-- \/ Yoast SEO plugin. -->","yoast_head_json":{"title":"Accueil - J\u00e9r\u00e9my N\u00e9zet","description":"Retrouvez ici toute l'actualit\u00e9 de l'\u00e9crivain J\u00e9r\u00e9my N\u00e9zet, ses romans disponibles, dont Le Sc\u00e9nographe, ses actualit\u00e9s et plus encore...","robots":{"index":"index","follow":"follow","max-snippet":"max-snippet:-1","max-image-preview":"max-image-preview:large","max-video-preview":"max-video-preview:-1"},"canonical":"https:\/\/jeremynezet.com\/","og_locale":"fr_FR","og_type":"article","og_title":"Accueil - J\u00e9r\u00e9my N\u00e9zet","og_description":"Retrouvez ici toute l'actualit\u00e9 de l'\u00e9crivain J\u00e9r\u00e9my N\u00e9zet, ses romans disponibles, dont Le Sc\u00e9nographe, ses actualit\u00e9s et plus encore...","og_url":"https:\/\/jeremynezet.com\/","og_site_name":"J\u00e9r\u00e9my N\u00e9zet","article_modified_time":"2025-03-11T20:31:23+00:00","og_image":[{"width":2062,"height":2560,"url":"https:\/\/jeremynezet.com\/wp-content\/uploads\/2023\/07\/Jeremynezet-scaled.jpg","type":"image\/jpeg"}],"twitter_card":"summary_large_image","twitter_misc":{"Dur\u00e9e de lecture estim\u00e9e":"2 minutes"},"schema":{"@context":"https:\/\/schema.org","@graph":[{"@type":"WebPage","@id":"https:\/\/jeremynezet.com\/","url":"https:\/\/jeremynezet.com\/","name":"Accueil - J\u00e9r\u00e9my N\u00e9zet","isPartOf":{"@id":"https:\/\/jeremynezet.com\/#website"},"primaryImageOfPage":{"@id":"https:\/\/jeremynezet.com\/#primaryimage"},"image":{"@id":"https:\/\/jeremynezet.com\/#primaryimage"},"thumbnailUrl":"http:\/\/jeremynezet.com\/wp-content\/uploads\/2023\/07\/Jeremynezet-242x300.jpg","datePublished":"2023-07-08T18:30:40+00:00","dateModified":"2025-03-11T20:31:23+00:00","description":"Retrouvez ici toute l'actualit\u00e9 de l'\u00e9crivain J\u00e9r\u00e9my N\u00e9zet, ses romans disponibles, dont Le Sc\u00e9nographe, ses actualit\u00e9s et plus encore...","breadcrumb":{"@id":"https:\/\/jeremynezet.com\/#breadcrumb"},"inLanguage":"fr-FR","potentialAction":[{"@type":"ReadAction","target":["https:\/\/jeremynezet.com\/"]}]},{"@type":"ImageObject","inLanguage":"fr-FR","@id":"https:\/\/jeremynezet.com\/#primaryimage","url":"http:\/\/jeremynezet.com\/wp-content\/uploads\/2023\/07\/Jeremynezet-242x300.jpg","contentUrl":"http:\/\/jeremynezet.com\/wp-content\/uploads\/2023\/07\/Jeremynezet-242x300.jpg"},{"@type":"BreadcrumbList","@id":"https:\/\/jeremynezet.com\/#breadcrumb","itemListElement":[{"@type":"ListItem","position":1,"name":"Accueil","item":"https:\/\/jeremynezet.com\/"},{"@type":"ListItem","position":2,"name":"Accueil"}]},{"@type":"WebSite","@id":"https:\/\/jeremynezet.com\/#website","url":"https:\/\/jeremynezet.com\/","name":"J\u00e9r\u00e9my N\u00e9zet","description":"","publisher":{"@id":"https:\/\/jeremynezet.com\/#organization"},"potentialAction":[{"@type":"SearchAction","target":{"@type":"EntryPoint","urlTemplate":"https:\/\/jeremynezet.com\/?s={search_term_string}"},"query-input":{"@type":"PropertyValueSpecification","valueRequired":true,"valueName":"search_term_string"}}],"inLanguage":"fr-FR"},{"@type":"Organization","@id":"https:\/\/jeremynezet.com\/#organization","name":"J\u00e9r\u00e9my N\u00e9zet","url":"https:\/\/jeremynezet.com\/","logo":{"@type":"ImageObject","inLanguage":"fr-FR","@id":"https:\/\/jeremynezet.com\/#\/schema\/logo\/image\/","url":"https:\/\/jeremynezet.com\/wp-content\/uploads\/2023\/07\/cropped-Logo_JN_01-blanc-transparent-1.png","contentUrl":"https:\/\/jeremynezet.com\/wp-content\/uploads\/2023\/07\/cropped-Logo_JN_01-blanc-transparent-1.png","width":500,"height":167,"caption":"J\u00e9r\u00e9my N\u00e9zet"},"image":{"@id":"https:\/\/jeremynezet.com\/#\/schema\/logo\/image\/"}}]}},"_links":{"self":[{"href":"https:\/\/jeremynezet.com\/index.php\/wp-json\/wp\/v2\/pages\/6","targetHints":{"allow":["GET"]}}],"collection":[{"href":"https:\/\/jeremynezet.com\/index.php\/wp-json\/wp\/v2\/pages"}],"about":[{"href":"https:\/\/jeremynezet.com\/index.php\/wp-json\/wp\/v2\/types\/page"}],"author":[{"embeddable":true,"href":"https:\/\/jeremynezet.com\/index.php\/wp-json\/wp\/v2\/users\/1"}],"replies":[{"embeddable":true,"href":"https:\/\/jeremynezet.com\/index.php\/wp-json\/wp\/v2\/comments?post=6"}],"version-history":[{"count":317,"href":"https:\/\/jeremynezet.com\/index.php\/wp-json\/wp\/v2\/pages\/6\/revisions"}],"predecessor-version":[{"id":870,"href":"https:\/\/jeremynezet.com\/index.php\/wp-json\/wp\/v2\/pages\/6\/revisions\/870"}],"wp:attachment":[{"href":"https:\/\/jeremynezet.com\/index.php\/wp-json\/wp\/v2\/media?parent=6"}],"curies":[{"name":"wp","href":"https:\/\/api.w.org\/{rel}","templated":true}]}}